{"id":13,"date":"2023-06-04T08:04:09","date_gmt":"2023-06-04T08:04:09","guid":{"rendered":"https:\/\/floridaultimatedrivingschool.com\/about-us\/"},"modified":"2026-03-05T05:47:55","modified_gmt":"2026-03-05T05:47:55","slug":"about-us","status":"publish","type":"page","link":"https:\/\/floridaultimatedrivingschool.com\/es\/about-us\/","title":{"rendered":"ACERCA DE NOSOTROS"},"content":{"rendered":"<div data-elementor-type=\"wp-page\" data-elementor-id=\"13\" class=\"elementor elementor-13\">\r\n\t\t\t\t<div class=\"elementor-element elementor-element-8c9cef2 e-flex e-con-boxed e-con e-parent\" data-id=\"8c9cef2\" data-element_type=\"container\" data-settings=\"{&quot;background_background&quot;:&quot;classic&quot;,&quot;shape_divider_bottom&quot;:&quot;tilt&quot;}\">\r\n\t\t\t\t\t<div class=\"e-con-inner\">\r\n\t\t\t\t<div class=\"elementor-shape elementor-shape-bottom\" data-negative=\"false\">\r\n\t\t\t<svg xmlns=\"http:\/\/www.w3.org\/2000\/svg\" viewbox=\"0 0 1000 100\" preserveaspectratio=\"none\">\r\n\t<path class=\"elementor-shape-fill\" d=\"M0,6V0h1000v100L0,6z\"\/>\r\n<\/svg>\t\t<\/div>\r\n\t\t\t\t<div class=\"elementor-element elementor-element-0f27bfc elementor-widget elementor-widget-heading\" data-id=\"0f27bfc\" data-element_type=\"widget\" data-widget_type=\"heading.default\">\r\n\t\t\t\t<div class=\"elementor-widget-container\">\r\n\t\t\t<style>\/*! elementor - v3.23.0 - 25-07-2024 *\/\r\n.elementor-heading-title{padding:0;margin:0;line-height:1}.elementor-widget-heading .elementor-heading-title[class*=elementor-size-]>a{color:inherit;font-size:inherit;line-height:inherit}.elementor-widget-heading .elementor-heading-title.elementor-size-small{font-size:15px}.elementor-widget-heading .elementor-heading-title.elementor-size-medium{font-size:19px}.elementor-widget-heading .elementor-heading-title.elementor-size-large{font-size:29px}.elementor-widget-heading .elementor-heading-title.elementor-size-xl{font-size:39px}.elementor-widget-heading .elementor-heading-title.elementor-size-xxl{font-size:59px}<\/style><h2 class=\"elementor-heading-title elementor-size-default\">ACERCA DE NOSOTROS<\/h2>\t\t<\/div>\r\n\t\t\t\t<\/div>\r\n\t\t\t\t<div class=\"elementor-element elementor-element-f173ecb elementor-icon-list--layout-inline elementor-list-item-link-full_width elementor-widget elementor-widget-icon-list\" data-id=\"f173ecb\" data-element_type=\"widget\" data-widget_type=\"icon-list.default\">\r\n\t\t\t\t<div class=\"elementor-widget-container\">\r\n\t\t\t<link rel=\"stylesheet\" href=\"https:\/\/floridaultimatedrivingschool.com\/wp-content\/uploads\/elementor\/css\/custom-widget-icon-list.min.css?ver=1728959569\">\t\t<ul class=\"elementor-icon-list-items elementor-inline-items\">\r\n\t\t\t\t\t\t\t<li class=\"elementor-icon-list-item elementor-inline-item\">\r\n\t\t\t\t\t\t\t\t\t\t\t<a href=\"https:\/\/floridaultimatedrivingschool.com\/es\">\r\n\r\n\t\t\t\t\t\t\t\t\t\t\t<span class=\"elementor-icon-list-text\">INICIO<\/span>\r\n\t\t\t\t\t\t\t\t\t\t\t<\/a>\r\n\t\t\t\t\t\t\t\t\t<\/li>\r\n\t\t\t\t\t\t\t\t<li class=\"elementor-icon-list-item elementor-inline-item\">\r\n\t\t\t\t\t\t\t\t\t\t\t<a href=\"https:\/\/floridaultimatedrivingschool.com\/es\/about-us\/\">\r\n\r\n\t\t\t\t\t\t\t\t\t\t\t\t<span class=\"elementor-icon-list-icon\">\r\n\t\t\t\t\t\t\t<i aria-hidden=\"true\" class=\"fas fa-chevron-right\"><\/i>\t\t\t\t\t\t<\/span>\r\n\t\t\t\t\t\t\t\t\t\t<span class=\"elementor-icon-list-text\">ACERCA DE NOSOTROS<\/span>\r\n\t\t\t\t\t\t\t\t\t\t\t<\/a>\r\n\t\t\t\t\t\t\t\t\t<\/li>\r\n\t\t\t\t\t\t<\/ul>\r\n\t\t\t\t<\/div>\r\n\t\t\t\t<\/div>\r\n\t\t\t\t\t<\/div>\r\n\t\t\t\t<\/div>\r\n\t\t<div class=\"elementor-element elementor-element-9f37337 e-flex e-con-boxed e-con e-parent\" data-id=\"9f37337\" data-element_type=\"container\">\r\n\t\t\t\t\t<div class=\"e-con-inner\">\r\n\t\t<div class=\"elementor-element elementor-element-5c10928 e-con-full e-flex e-con e-child\" data-id=\"5c10928\" data-element_type=\"container\">\r\n\t\t\t\t<div class=\"elementor-element elementor-element-f5debc6 elementor-widget elementor-widget-heading\" data-id=\"f5debc6\" data-element_type=\"widget\" data-widget_type=\"heading.default\">\r\n\t\t\t\t<div class=\"elementor-widget-container\">\r\n\t\t\t<h2 class=\"elementor-heading-title elementor-size-default\">Programa integral y din\u00e1mico de Florida Driving School para conductores seguros y confiados<\/h2>\t\t<\/div>\r\n\t\t\t\t<\/div>\r\n\t\t\t\t<div class=\"elementor-element elementor-element-2e83125 elementor-widget elementor-widget-button\" data-id=\"2e83125\" data-element_type=\"widget\" data-widget_type=\"button.default\">\r\n\t\t\t\t<div class=\"elementor-widget-container\">\r\n\t\t\t\t\t<div class=\"elementor-button-wrapper\">\r\n\t\t\t<a class=\"elementor-button elementor-size-sm\" role=\"button\">\r\n\t\t\t\t\t\t<span class=\"elementor-button-content-wrapper\">\r\n\t\t\t\t\t\t<span class=\"elementor-button-icon\">\r\n\t\t\t\t<i aria-hidden=\"true\" class=\"fas fa-chevron-circle-right\"><\/i>\t\t\t<\/span>\r\n\t\t\t\t\t\t\t\t\t<span class=\"elementor-button-text\">NUESTROS CURSOS<\/span>\r\n\t\t\t\t\t<\/span>\r\n\t\t\t\t\t<\/a>\r\n\t\t<\/div>\r\n\t\t\t\t<\/div>\r\n\t\t\t\t<\/div>\r\n\t\t\t\t<div class=\"elementor-element elementor-element-e5f29e0 elementor-widget elementor-widget-text-editor\" data-id=\"e5f29e0\" data-element_type=\"widget\" data-widget_type=\"text-editor.default\">\r\n\t\t\t\t<div class=\"elementor-widget-container\">\r\n\t\t\t<style>\/*! elementor - v3.23.0 - 25-07-2024 *\/\r\n.elementor-widget-text-editor.elementor-drop-cap-view-stacked .elementor-drop-cap{background-color:#69727d;color:#fff}.elementor-widget-text-editor.elementor-drop-cap-view-framed .elementor-drop-cap{color:#69727d;border:3px solid;background-color:transparent}.elementor-widget-text-editor:not(.elementor-drop-cap-view-default) .elementor-drop-cap{margin-top:8px}.elementor-widget-text-editor:not(.elementor-drop-cap-view-default) .elementor-drop-cap-letter{width:1em;height:1em}.elementor-widget-text-editor .elementor-drop-cap{float:left;text-align:center;line-height:1;font-size:50px}.elementor-widget-text-editor .elementor-drop-cap-letter{display:inline-block}<\/style>\t\t\t\t<p>Florida Ultimate Driving School is a premier driving school in Florida that provides students with the knowledge and skills they need to become safe, confident, and law-abiding drivers. Our experienced instructors use a variety of teaching methods to ensure that each student learns in a way that is effective for them. We also offer a variety of courses to meet the needs of all drivers, from beginners to experienced drivers.<\/p>\n<h4><b><span style=\"mso-spacerun: 'yes'; font-family: Calibri; mso-fareast-font-family: SimSun; mso-bidi-font-family: 'Times New Roman';\">PORQUE ESCOGER <\/span><span style=\"mso-spacerun: 'yes'; font-family: Calibri; mso-fareast-font-family: SimSun; mso-bidi-font-family: 'Times New Roman';\">FLORIDA ULTIMATE DRIVING <\/span><span style=\"mso-spacerun: 'yes'; font-family: Calibri; mso-fareast-font-family: SimSun; mso-bidi-font-family: 'Times New Roman';\">SCHOOL? <\/span><\/b><\/h4>\n<ul>\n<li><span style=\"mso-spacerun: 'yes'; font-family: Calibri; mso-fareast-font-family: SimSun; mso-bidi-font-family: 'Times New Roman';\">Ofrecemos recogida gratuita en casa, escuela o trabajo.<\/span><\/li>\n<\/ul>\n<ul>\n<li><span style=\"mso-spacerun: 'yes'; font-family: Calibri; mso-fareast-font-family: SimSun; mso-bidi-font-family: 'Times New Roman';\">Contamos con horarios flexibles para estudiantes de secundaria y universitarios.<\/span><\/li>\n<\/ul>\n<ul>\n<li><span style=\"mso-spacerun: 'yes'; font-family: Calibri; mso-fareast-font-family: SimSun; mso-bidi-font-family: 'Times New Roman';\">Contamos con instructores de manejo masculinos y femeninos amables, corteses, puntuales y bien capacitados.<\/span><\/li>\n<\/ul>\n<ul>\n<li><span style=\"mso-spacerun: 'yes'; font-family: Calibri; mso-fareast-font-family: SimSun; mso-bidi-font-family: 'Times New Roman';\">Ofrecemos programaci\u00f3n conveniente los siete d\u00edas de la semana.<\/span><\/li>\n<\/ul>\n<ul>\n<li><span style=\"mso-spacerun: 'yes'; font-family: Calibri; mso-fareast-font-family: SimSun; mso-bidi-font-family: 'Times New Roman';\">Estamos capacitados para ayudar a jovenes, adultos, ancianos que sean mu<\/span><span style=\"mso-spacerun: 'yes'; font-family: Calibri; mso-fareast-font-family: SimSun; mso-bidi-font-family: 'Times New Roman';\">y <\/span><span style=\"mso-spacerun: 'yes'; font-family: Calibri; mso-fareast-font-family: SimSun; mso-bidi-font-family: 'Times New Roman';\">nerviosos<br><\/span><\/li>\n<\/ul>\n<ul>\n<li><span style=\"mso-spacerun: 'yes'; font-family: Calibri; mso-fareast-font-family: SimSun; mso-bidi-font-family: 'Times New Roman';\">Ofrecemos un servicio de calidad a preci<\/span><span style=\"mso-spacerun: 'yes'; font-family: Calibri; mso-fareast-font-family: SimSun; mso-bidi-font-family: 'Times New Roman';\">o<\/span><span style=\"mso-spacerun: 'yes'; font-family: Calibri; mso-fareast-font-family: SimSun; mso-bidi-font-family: 'Times New Roman';\">s razonables.<br><\/span><\/li>\n<\/ul>\n<ul>\n<li><span style=\"mso-spacerun: 'yes'; font-family: Calibri; mso-fareast-font-family: SimSun; mso-bidi-font-family: 'Times New Roman';\">Ofrecemos el uso del coche de entrenamiento para pruebas en carretera.<\/span><\/li>\n<\/ul>\n<ul>\n<li><span style=\"mso-spacerun: 'yes'; font-family: Calibri; mso-fareast-font-family: SimSun; mso-bidi-font-family: 'Times New Roman';\">We are state licensed instructors.<\/span><\/li>\n<li style=\"font-size: 18px;\"><span style=\"font-family: Calibri;\">Tambi\u00e9n tenemos instrucci\u00f3n en d\u00edas festivos.<\/span><\/li>\n<li><b>Se Habla Espa\u00f1ol&nbsp;<\/b><\/li>\n<\/ul>\n<p><script id=\"xverse-wallet-provider\" src=\"chrome-extension:\/\/idnnbdplmphpflfnlkomgpfbpcgelopg\/inpage.js\"><\/script><\/p>\n<p><script id=\"xverse-wallet-provider\" src=\"chrome-extension:\/\/idnnbdplmphpflfnlkomgpfbpcgelopg\/inpage.js\"><\/script><\/p>\t\t\t\t\t\t<\/div>\r\n\t\t\t\t<\/div>\r\n\t\t\t\t<\/div>\r\n\t\t<div class=\"elementor-element elementor-element-a8886ac e-con-full e-flex e-con e-child\" data-id=\"a8886ac\" data-element_type=\"container\">\r\n\t\t\t\t<div class=\"elementor-element elementor-element-d23c5aa elementor-widget elementor-widget-image\" data-id=\"d23c5aa\" data-element_type=\"widget\" data-widget_type=\"image.default\">\r\n\t\t\t\t<div class=\"elementor-widget-container\">\r\n\t\t\t<style>\/*! elementor - v3.23.0 - 25-07-2024 *\/\r\n.elementor-widget-image{text-align:center}.elementor-widget-image a{display:inline-block}.elementor-widget-image a img[src$=\".svg\"]{width:48px}.elementor-widget-image img{vertical-align:middle;display:inline-block}<\/style>\t\t\t\t\t\t\t\t\t\t<img fetchpriority=\"high\" decoding=\"async\" width=\"1000\" height=\"667\" src=\"https:\/\/floridaultimatedrivingschool.com\/wp-content\/uploads\/2023\/06\/Hero-Image.jpg\" class=\"attachment-full size-full wp-image-47\" alt=\"\" srcset=\"https:\/\/floridaultimatedrivingschool.com\/wp-content\/uploads\/2023\/06\/Hero-Image.jpg 1000w, https:\/\/floridaultimatedrivingschool.com\/wp-content\/uploads\/2023\/06\/Hero-Image-300x200.jpg 300w, https:\/\/floridaultimatedrivingschool.com\/wp-content\/uploads\/2023\/06\/Hero-Image-768x512.jpg 768w\" sizes=\"(max-width: 1000px) 100vw, 1000px\" \/>\t\t\t\t\t\t\t\t\t\t\t\t\t<\/div>\r\n\t\t\t\t<\/div>\r\n\t\t\t\t<\/div>\r\n\t\t\t\t\t<\/div>\r\n\t\t\t\t<\/div>\r\n\t\t<div class=\"elementor-element elementor-element-5855d27 e-flex e-con-boxed e-con e-parent\" data-id=\"5855d27\" data-element_type=\"container\" data-settings=\"{&quot;background_background&quot;:&quot;classic&quot;}\">\r\n\t\t\t\t\t<div class=\"e-con-inner\">\r\n\t\t<div class=\"elementor-element elementor-element-a990eb6 e-flex e-con-boxed e-con e-child\" data-id=\"a990eb6\" data-element_type=\"container\">\r\n\t\t\t\t\t<div class=\"e-con-inner\">\r\n\t\t\t\t<div class=\"elementor-element elementor-element-62867ce elementor-widget elementor-widget-icon-box\" data-id=\"62867ce\" data-element_type=\"widget\" data-widget_type=\"icon-box.default\">\r\n\t\t\t\t<div class=\"elementor-widget-container\">\r\n\t\t\t<link rel=\"stylesheet\" href=\"https:\/\/floridaultimatedrivingschool.com\/wp-content\/uploads\/elementor\/css\/custom-widget-icon-box.min.css?ver=1728959720\">\t\t<div class=\"elementor-icon-box-wrapper\">\r\n\r\n\t\t\t\r\n\t\t\t\t\t\t<div class=\"elementor-icon-box-content\">\r\n\r\n\t\t\t\t\t\t\t\t\t<h3 class=\"elementor-icon-box-title\">\r\n\t\t\t\t\t\t<span  >\r\n\t\t\t\t\t\t\tOur Mission\t\t\t\t\t\t<\/span>\r\n\t\t\t\t\t<\/h3>\r\n\t\t\t\t\r\n\t\t\t\t\t\t\t\t\t<p class=\"elementor-icon-box-description\">\r\n\t\t\t\t\t\tis to provide students with the tools and knowledge they need to be safe and responsible drivers. We believe that everyone has the right to learn how to drive, and we are committed to making that happen. We offer affordable driving courses that are convenient and easy to schedule. We also offer flexible payment options to make it possible for everyone to get the education they need.<br>\nWe are proud to be a part of the Florida driving community, and we are committed to making our roads safer. We believe that everyone has a role to play in road safety, and we are committed to doing our part to educate drivers and help them become safer on the road.\n\t\t\t\t\t<\/p>\r\n\t\t\t\t\r\n\t\t\t<\/div>\r\n\t\t\t\r\n\t\t<\/div>\r\n\t\t\t\t<\/div>\r\n\t\t\t\t<\/div>\r\n\t\t\t\t\t<\/div>\r\n\t\t\t\t<\/div>\r\n\t\t<div class=\"elementor-element elementor-element-f760e73 e-flex e-con-boxed e-con e-child\" data-id=\"f760e73\" data-element_type=\"container\">\r\n\t\t\t\t\t<div class=\"e-con-inner\">\r\n\t\t\t\t<div class=\"elementor-element elementor-element-edd5e4d elementor-widget elementor-widget-icon-box\" data-id=\"edd5e4d\" data-element_type=\"widget\" data-widget_type=\"icon-box.default\">\r\n\t\t\t\t<div class=\"elementor-widget-container\">\r\n\t\t\t\t\t<div class=\"elementor-icon-box-wrapper\">\r\n\r\n\t\t\t\r\n\t\t\t\t\t\t<div class=\"elementor-icon-box-content\">\r\n\r\n\t\t\t\t\t\t\t\t\t<h3 class=\"elementor-icon-box-title\">\r\n\t\t\t\t\t\t<span  >\r\n\t\t\t\t\t\t\tOur Instructors\t\t\t\t\t\t<\/span>\r\n\t\t\t\t\t<\/h3>\r\n\t\t\t\t\r\n\t\t\t\t\t\t\t\t\t<p class=\"elementor-icon-box-description\">\r\n\t\t\t\t\t\tOur instructors are experienced and certified driving professionals who are passionate about teaching others how to drive safely. \n<br> <br>\nThey use a variety of teaching methods to ensure that each student learns in a way that is effective for them.\n\t\t\t\t\t<\/p>\r\n\t\t\t\t\r\n\t\t\t<\/div>\r\n\t\t\t\r\n\t\t<\/div>\r\n\t\t\t\t<\/div>\r\n\t\t\t\t<\/div>\r\n\t\t\t\t\t<\/div>\r\n\t\t\t\t<\/div>\r\n\t\t<div class=\"elementor-element elementor-element-19f168c e-flex e-con-boxed e-con e-child\" data-id=\"19f168c\" data-element_type=\"container\">\r\n\t\t\t\t\t<div class=\"e-con-inner\">\r\n\t\t\t\t<div class=\"elementor-element elementor-element-98fa8ca elementor-widget elementor-widget-icon-box\" data-id=\"98fa8ca\" data-element_type=\"widget\" data-widget_type=\"icon-box.default\">\r\n\t\t\t\t<div class=\"elementor-widget-container\">\r\n\t\t\t\t\t<div class=\"elementor-icon-box-wrapper\">\r\n\r\n\t\t\t\r\n\t\t\t\t\t\t<div class=\"elementor-icon-box-content\">\r\n\r\n\t\t\t\t\t\t\t\t\t<h3 class=\"elementor-icon-box-title\">\r\n\t\t\t\t\t\t<span  >\r\n\t\t\t\t\t\t\tOur Commitment to Safety\t\t\t\t\t\t<\/span>\r\n\t\t\t\t\t<\/h3>\r\n\t\t\t\t\r\n\t\t\t\t\t\t\t\t\t<p class=\"elementor-icon-box-description\">\r\n\t\t\t\t\t\tWe are committed to providing our students with the safest possible learning environment. We have a strict safety policy in place, and our instructors are trained to identify and address potential hazards.\n<br><br>\nOur facilities are state-of-the-art and equipped with the latest driving simulators and training equipment. We also have a variety of vehicles available for use in our driving courses.\n\t\t\t\t\t<\/p>\r\n\t\t\t\t\r\n\t\t\t<\/div>\r\n\t\t\t\r\n\t\t<\/div>\r\n\t\t\t\t<\/div>\r\n\t\t\t\t<\/div>\r\n\t\t\t\t\t<\/div>\r\n\t\t\t\t<\/div>\r\n\t\t\t\t\t<\/div>\r\n\t\t\t\t<\/div>\r\n\t\t\t\t<\/div>","protected":false},"excerpt":{"rendered":"<p>Home Florida Driving School&#8217;s Comprehensive and Dynamic Program for Safe and Confident Drivers Our Classes Florida Ultimate Driving School is a premier driving school in Florida that provides students with the knowledge and skills they need to become safe, confident, and law-abiding drivers. Our experienced instructors use a variety of teaching methods to ensure that [&hellip;]<\/p>","protected":false},"author":1,"featured_media":0,"parent":0,"menu_order":20,"comment_status":"closed","ping_status":"closed","template":"elementor_header_footer","meta":{"footnotes":""},"_links":{"self":[{"href":"https:\/\/floridaultimatedrivingschool.com\/es\/wp-json\/wp\/v2\/pages\/13"}],"collection":[{"href":"https:\/\/floridaultimatedrivingschool.com\/es\/wp-json\/wp\/v2\/pages"}],"about":[{"href":"https:\/\/floridaultimatedrivingschool.com\/es\/wp-json\/wp\/v2\/types\/page"}],"author":[{"embeddable":true,"href":"https:\/\/floridaultimatedrivingschool.com\/es\/wp-json\/wp\/v2\/users\/1"}],"replies":[{"embeddable":true,"href":"https:\/\/floridaultimatedrivingschool.com\/es\/wp-json\/wp\/v2\/comments?post=13"}],"version-history":[{"count":24,"href":"https:\/\/floridaultimatedrivingschool.com\/es\/wp-json\/wp\/v2\/pages\/13\/revisions"}],"predecessor-version":[{"id":812,"href":"https:\/\/floridaultimatedrivingschool.com\/es\/wp-json\/wp\/v2\/pages\/13\/revisions\/812"}],"wp:attachment":[{"href":"https:\/\/floridaultimatedrivingschool.com\/es\/wp-json\/wp\/v2\/media?parent=13"}],"curies":[{"name":"wp","href":"https:\/\/api.w.org\/{rel}","templated":true}]}}