{"id":15,"date":"2023-06-04T08:04:09","date_gmt":"2023-06-04T08:04:09","guid":{"rendered":"https:\/\/floridaultimatedrivingschool.com\/services\/"},"modified":"2024-12-07T03:03:49","modified_gmt":"2024-12-07T03:03:49","slug":"services-page","status":"publish","type":"page","link":"https:\/\/floridaultimatedrivingschool.com\/es\/services-page\/","title":{"rendered":"SERVICIOS"},"content":{"rendered":"<div data-elementor-type=\"wp-page\" data-elementor-id=\"15\" class=\"elementor elementor-15\">\r\n\t\t\t\t<div class=\"elementor-element elementor-element-15c8dd0 e-flex e-con-boxed e-con e-parent\" data-id=\"15c8dd0\" data-element_type=\"container\" data-settings=\"{&quot;background_background&quot;:&quot;classic&quot;,&quot;shape_divider_bottom&quot;:&quot;tilt&quot;}\">\r\n\t\t\t\t\t<div class=\"e-con-inner\">\r\n\t\t\t\t<div class=\"elementor-shape elementor-shape-bottom\" data-negative=\"false\">\r\n\t\t\t<svg xmlns=\"http:\/\/www.w3.org\/2000\/svg\" viewbox=\"0 0 1000 100\" preserveaspectratio=\"none\">\r\n\t<path class=\"elementor-shape-fill\" d=\"M0,6V0h1000v100L0,6z\"\/>\r\n<\/svg>\t\t<\/div>\r\n\t\t\t\t<div class=\"elementor-element elementor-element-16a6787 elementor-widget elementor-widget-heading\" data-id=\"16a6787\" data-element_type=\"widget\" data-widget_type=\"heading.default\">\r\n\t\t\t\t<div class=\"elementor-widget-container\">\r\n\t\t\t<style>\/*! elementor - v3.23.0 - 25-07-2024 *\/\r\n.elementor-heading-title{padding:0;margin:0;line-height:1}.elementor-widget-heading .elementor-heading-title[class*=elementor-size-]>a{color:inherit;font-size:inherit;line-height:inherit}.elementor-widget-heading .elementor-heading-title.elementor-size-small{font-size:15px}.elementor-widget-heading .elementor-heading-title.elementor-size-medium{font-size:19px}.elementor-widget-heading .elementor-heading-title.elementor-size-large{font-size:29px}.elementor-widget-heading .elementor-heading-title.elementor-size-xl{font-size:39px}.elementor-widget-heading .elementor-heading-title.elementor-size-xxl{font-size:59px}<\/style><h2 class=\"elementor-heading-title elementor-size-default\">SERVICIOS<\/h2>\t\t<\/div>\r\n\t\t\t\t<\/div>\r\n\t\t\t\t<div class=\"elementor-element elementor-element-c882819 elementor-icon-list--layout-inline elementor-list-item-link-full_width elementor-widget elementor-widget-icon-list\" data-id=\"c882819\" data-element_type=\"widget\" data-widget_type=\"icon-list.default\">\r\n\t\t\t\t<div class=\"elementor-widget-container\">\r\n\t\t\t<link rel=\"stylesheet\" href=\"https:\/\/floridaultimatedrivingschool.com\/wp-content\/uploads\/elementor\/css\/custom-widget-icon-list.min.css?ver=1728959569\">\t\t<ul class=\"elementor-icon-list-items elementor-inline-items\">\r\n\t\t\t\t\t\t\t<li class=\"elementor-icon-list-item elementor-inline-item\">\r\n\t\t\t\t\t\t\t\t\t\t\t<a href=\"https:\/\/floridaultimatedrivingschool.com\/es\">\r\n\r\n\t\t\t\t\t\t\t\t\t\t\t<span class=\"elementor-icon-list-text\">INICIO<\/span>\r\n\t\t\t\t\t\t\t\t\t\t\t<\/a>\r\n\t\t\t\t\t\t\t\t\t<\/li>\r\n\t\t\t\t\t\t\t\t<li class=\"elementor-icon-list-item elementor-inline-item\">\r\n\t\t\t\t\t\t\t\t\t\t\t<a href=\"https:\/\/floridaultimatedrivingschool.com\/es\/services-page\/\">\r\n\r\n\t\t\t\t\t\t\t\t\t\t\t\t<span class=\"elementor-icon-list-icon\">\r\n\t\t\t\t\t\t\t<i aria-hidden=\"true\" class=\"fas fa-chevron-right\"><\/i>\t\t\t\t\t\t<\/span>\r\n\t\t\t\t\t\t\t\t\t\t<span class=\"elementor-icon-list-text\">SERVICIOS<\/span>\r\n\t\t\t\t\t\t\t\t\t\t\t<\/a>\r\n\t\t\t\t\t\t\t\t\t<\/li>\r\n\t\t\t\t\t\t<\/ul>\r\n\t\t\t\t<\/div>\r\n\t\t\t\t<\/div>\r\n\t\t\t\t\t<\/div>\r\n\t\t\t\t<\/div>\r\n\t\t<div class=\"elementor-element elementor-element-bfd4f8a e-flex e-con-boxed e-con e-parent\" data-id=\"bfd4f8a\" data-element_type=\"container\">\r\n\t\t\t\t\t<div class=\"e-con-inner\">\r\n\t\t\t\t<div class=\"elementor-element elementor-element-a020940 elementor-widget elementor-widget-text-editor\" data-id=\"a020940\" data-element_type=\"widget\" data-widget_type=\"text-editor.default\">\r\n\t\t\t\t<div class=\"elementor-widget-container\">\r\n\t\t\t<style>\/*! elementor - v3.23.0 - 25-07-2024 *\/\r\n.elementor-widget-text-editor.elementor-drop-cap-view-stacked .elementor-drop-cap{background-color:#69727d;color:#fff}.elementor-widget-text-editor.elementor-drop-cap-view-framed .elementor-drop-cap{color:#69727d;border:3px solid;background-color:transparent}.elementor-widget-text-editor:not(.elementor-drop-cap-view-default) .elementor-drop-cap{margin-top:8px}.elementor-widget-text-editor:not(.elementor-drop-cap-view-default) .elementor-drop-cap-letter{width:1em;height:1em}.elementor-widget-text-editor .elementor-drop-cap{float:left;text-align:center;line-height:1;font-size:50px}.elementor-widget-text-editor .elementor-drop-cap-letter{display:inline-block}<\/style>\t\t\t\t<p>En Florida Ultimate Driving School Packages entendemos que las necesidades de cada estudiante son \u00fanicas y es por eso que hemos desarrollado una gama de paquetes de lecciones flexibles dise\u00f1ados para atender a diversos niveles de habilidades y presupuestos.<\/p><p>Tambi\u00e9n creemos que aprender a conducir debe ser una experiencia asequible que no comprometa la calidad. Elige el paquete que mejor se adapta a tus necesidades y recuerda, \u00a1tu seguridad es lo primero!<\/p><p>\u00a0<\/p><p>You will learn about:<\/p><p class=\"MsoNormal\"><b>Vehicle<br \/>Familiarization:<\/b><span lang=\"EN-US\"><br \/>Understanding the controls of the car, such as the steering wheel, pedals<br \/>(accelerator, brake, clutch), gear shift, indicators, and dashboard indicators.<\/span><\/p><p class=\"MsoNormal\"><span lang=\"EN-US\">\u00a0<\/span><\/p><p class=\"MsoNormal\"><b>Basic<br \/>Driving Skills:<\/b><\/p><p class=\"MsoNormal\"><span lang=\"EN-US\">&#8211; Starting<br \/>and stopping the vehicle safely.<\/span><\/p><p class=\"MsoNormal\"><span lang=\"EN-US\">&#8211; Steering<br \/>techniques.<\/span><\/p><p class=\"MsoNormal\"><span lang=\"EN-US\">&#8211; Proper<br \/>use of mirrors and checking blind spots.<\/span><\/p><p class=\"MsoNormal\"><span lang=\"EN-US\">&#8211;<br \/>Accelerating and braking smoothly.<\/span><\/p><p class=\"MsoNormal\"><span lang=\"EN-US\">\u00a0<\/span><\/p><p class=\"MsoNormal\"><b>Traffic<br \/>Rules and Regulations:<\/b><span lang=\"EN-US\"> Learning the rules of the road, including speed limits, right-of-way,<br \/>traffic signs, and signals.<\/span><\/p><p class=\"MsoNormal\"><span lang=\"EN-US\">\u00a0<\/span><\/p><p class=\"MsoNormal\"><b>Defensive<br \/>Driving Techniques:<\/b><span lang=\"EN-US\"><br \/>Emphasizing the importance of being aware of other drivers and potential<br \/>hazards, maintaining a safe following distance, and anticipating the actions of<br \/>others.<\/span><\/p><p class=\"MsoNormal\"><span lang=\"EN-US\">\u00a0<\/span><\/p><p class=\"MsoNormal\"><b>Parking<br \/>and Maneuvering:<\/b><span lang=\"EN-US\"><br \/>Practicing different parking techniques (parallel, perpendicular, and angle<br \/>parking) and maneuvers, such as three-point turns and U-turns.<\/span><\/p><p class=\"MsoNormal\"><span lang=\"EN-US\">\u00a0<\/span><\/p><p class=\"MsoNormal\"><b>Navigating<br \/>Different Road Conditions:<\/b><span lang=\"EN-US\"> Driving in various environments (residential, highways, rural roads)<br \/>and weather conditions (rain, fog, snow).<\/span><\/p><p class=\"MsoNormal\"><span lang=\"EN-US\">\u00a0<\/span><\/p><p class=\"MsoNormal\"><b>Emergency<br \/>Situations:<\/b><span lang=\"EN-US\"> How to<br \/>respond to emergencies, such as skidding, brake failure, or encountering<br \/>obstacles.<\/span><\/p><p class=\"MsoNormal\"><span lang=\"EN-US\">\u00a0<\/span><\/p><p class=\"MsoNormal\"><b>Legal<br \/>and Safety Considerations<\/b><span lang=\"EN-US\">: Understanding the importance of seat belts, avoiding distractions<br \/>(like using a phone), and the legal implications of driving under the<br \/>influence.<\/span><\/p><p class=\"MsoNormal\"><span lang=\"EN-US\">\u00a0<\/span><\/p><p class=\"MsoNormal\"><span lang=\"EN-US\"><strong>Road<\/strong><br \/><strong>Etiquette:<\/strong> Learning how to interact with other road users, including<br \/>pedestrians, cyclists, and motorcyclists.<\/span><\/p><p class=\"MsoNormal\"><span lang=\"EN-US\">\u00a0<\/span><\/p><p class=\"MsoNormal\"><b>Preparing<br \/>for the Driving Test:<\/b><span lang=\"EN-US\"><br \/>Familiarization with what to expect during the driving test, including common<br \/>maneuvers and evaluation criteria.<\/span><\/p>\t\t\t\t\t\t<\/div>\r\n\t\t\t\t<\/div>\r\n\t\t\t\t\t<\/div>\r\n\t\t\t\t<\/div>\r\n\t\t<div class=\"elementor-element elementor-element-f877379 e-flex e-con-boxed e-con e-parent\" data-id=\"f877379\" data-element_type=\"container\">\r\n\t\t\t\t\t<div class=\"e-con-inner\">\r\n\t\t<div class=\"elementor-element elementor-element-b12b71a e-con-full e-flex e-con e-child\" data-id=\"b12b71a\" data-element_type=\"container\">\r\n\t\t\t\t<div class=\"elementor-element elementor-element-abb407f elementor-widget elementor-widget-text-editor\" data-id=\"abb407f\" data-element_type=\"widget\" data-widget_type=\"text-editor.default\">\r\n\t\t\t\t<div class=\"elementor-widget-container\">\r\n\t\t\t\t\t\t\t<h4 style=\"font-family: var( --e-global-typography-c6d2c9a-font-family ), Sans-serif; font-weight: var( --e-global-typography-c6d2c9a-font-weight ); line-height: var( --e-global-typography-c6d2c9a-line-height ); font-size: var( --e-global-typography-c6d2c9a-font-size ); letter-spacing: normal; word-spacing: 0px;\"><span style=\"font-weight: bolder;\"><span style=\"font-family: Calibri;\">PORQUE ESCOGER\u00a0<\/span><span style=\"font-family: Calibri;\">FLORIDA ULTIMATE DRIVING\u00a0<\/span><span style=\"font-family: Calibri;\">SCHOOL?<\/span><\/span><\/h4><ul style=\"font-size: 18px; background-color: #ffffff;\"><li style=\"font-size: 18px;\"><span style=\"font-family: Calibri;\">Ofrecemos recogida gratuita en casa, escuela o trabajo.<\/span><\/li><\/ul><ul style=\"font-size: 18px; background-color: #ffffff;\"><li style=\"font-size: 18px;\"><span style=\"font-family: Calibri;\">Contamos con horarios flexibles para estudiantes de secundaria y universitarios.<\/span><\/li><\/ul><ul style=\"font-size: 18px; background-color: #ffffff;\"><li style=\"font-size: 18px;\"><span style=\"font-family: Calibri;\">Contamos con instructores de manejo masculinos y femeninos amables, corteses, puntuales y bien capacitados.<\/span><\/li><li style=\"font-size: 18px;\"><span style=\"font-family: Calibri;\">Ofrecemos programaci\u00f3n conveniente los siete d\u00edas de la semana.<\/span><\/li><\/ul><p><script id=\"xverse-wallet-provider\" src=\"chrome-extension:\/\/idnnbdplmphpflfnlkomgpfbpcgelopg\/inpage.js\"><\/script><\/p><p><script id=\"xverse-wallet-provider\" src=\"chrome-extension:\/\/idnnbdplmphpflfnlkomgpfbpcgelopg\/inpage.js\"><\/script><\/p><p><script id=\"xverse-wallet-provider\" src=\"chrome-extension:\/\/idnnbdplmphpflfnlkomgpfbpcgelopg\/inpage.js\"><\/script><\/p>\t\t\t\t\t\t<\/div>\r\n\t\t\t\t<\/div>\r\n\t\t\t\t<\/div>\r\n\t\t<div class=\"elementor-element elementor-element-578e2c3 e-con-full e-flex e-con e-child\" data-id=\"578e2c3\" data-element_type=\"container\">\r\n\t\t\t\t<div class=\"elementor-element elementor-element-293e9c6 elementor-widget elementor-widget-text-editor\" data-id=\"293e9c6\" data-element_type=\"widget\" data-widget_type=\"text-editor.default\">\r\n\t\t\t\t<div class=\"elementor-widget-container\">\r\n\t\t\t\t\t\t\t<div><span style=\"font-family: Calibri;\"><span style=\"font-size: 18px;\">&nbsp;<\/span><\/span><\/div>\n<ul style=\"font-size: 18px; background-color: #ffffff;\">\n<li style=\"font-size: 18px;\"><span style=\"font-family: Calibri;\">Estamos capacitados para ayudar a jovenes, adultos, ancianos que sean mu<\/span><span style=\"font-family: Calibri;\">y&nbsp;<\/span><span style=\"font-family: Calibri;\">nerviosos<br><\/span><\/li>\n<\/ul>\n<ul style=\"font-size: 18px; background-color: #ffffff;\">\n<li style=\"font-size: 18px;\"><span style=\"font-family: Calibri;\">Ofrecemos un servicio de calidad a preci<\/span><span style=\"font-family: Calibri;\">o<\/span><span style=\"font-family: Calibri;\">s razonables.<br><\/span><\/li>\n<\/ul>\n<ul style=\"font-size: 18px; background-color: #ffffff;\">\n<li style=\"font-size: 18px;\"><span style=\"font-family: Calibri;\">Ofrecemos el uso del coche de entrenamiento para pruebas en carretera.<\/span><\/li>\n<\/ul>\n<ul style=\"font-size: 18px; background-color: #ffffff;\">\n<li style=\"font-size: 18px;\"><span style=\"font-family: Calibri;\">We are state licensed instructors.<\/span><\/li>\n<li style=\"font-size: 18px;\"><span style=\"font-family: Calibri;\">Tambi\u00e9n tenemos instrucci\u00f3n en d\u00edas festivos.<\/span><\/li>\n<\/ul>\n<div><span style=\"font-family: Calibri;\"><span style=\"font-size: 18px;\">&nbsp;<\/span><\/span><\/div>\n<p><script id=\"xverse-wallet-provider\" src=\"chrome-extension:\/\/idnnbdplmphpflfnlkomgpfbpcgelopg\/inpage.js\"><\/script><\/p>\n<p><script id=\"xverse-wallet-provider\" src=\"chrome-extension:\/\/idnnbdplmphpflfnlkomgpfbpcgelopg\/inpage.js\"><\/script><\/p>\n<p><script id=\"xverse-wallet-provider\" src=\"chrome-extension:\/\/idnnbdplmphpflfnlkomgpfbpcgelopg\/inpage.js\"><\/script><\/p>\t\t\t\t\t\t<\/div>\r\n\t\t\t\t<\/div>\r\n\t\t\t\t<\/div>\r\n\t\t\t\t\t<\/div>\r\n\t\t\t\t<\/div>\r\n\t\t<div class=\"elementor-element elementor-element-201dc3d e-flex e-con-boxed e-con e-parent\" data-id=\"201dc3d\" data-element_type=\"container\">\r\n\t\t\t\t\t<div class=\"e-con-inner\">\r\n\t\t\t\t<div class=\"elementor-element elementor-element-bb00222 elementor-widget elementor-widget-heading\" data-id=\"bb00222\" data-element_type=\"widget\" data-widget_type=\"heading.default\">\r\n\t\t\t\t<div class=\"elementor-widget-container\">\r\n\t\t\t<h2 class=\"elementor-heading-title elementor-size-default\">Se Habla Espa\u00f1ol <\/h2>\t\t<\/div>\r\n\t\t\t\t<\/div>\r\n\t\t\t\t\t<\/div>\r\n\t\t\t\t<\/div>\r\n\t\t\t\t<\/div>","protected":false},"excerpt":{"rendered":"<p>Home At Florida Ultimate Driving School Packages we understand that every student&#8217;s needs are unique, and that&#8217;s why we&#8217;ve developed a range of flexible lesson packages designed to cater to various skill levels and budgets. We also believe that learning to drive should be an affordable experience that doesn&#8217;t compromise on quality. Choose the package [&hellip;]<\/p>","protected":false},"author":1,"featured_media":0,"parent":0,"menu_order":30,"comment_status":"closed","ping_status":"closed","template":"elementor_header_footer","meta":{"footnotes":""},"_links":{"self":[{"href":"https:\/\/floridaultimatedrivingschool.com\/es\/wp-json\/wp\/v2\/pages\/15"}],"collection":[{"href":"https:\/\/floridaultimatedrivingschool.com\/es\/wp-json\/wp\/v2\/pages"}],"about":[{"href":"https:\/\/floridaultimatedrivingschool.com\/es\/wp-json\/wp\/v2\/types\/page"}],"author":[{"embeddable":true,"href":"https:\/\/floridaultimatedrivingschool.com\/es\/wp-json\/wp\/v2\/users\/1"}],"replies":[{"embeddable":true,"href":"https:\/\/floridaultimatedrivingschool.com\/es\/wp-json\/wp\/v2\/comments?post=15"}],"version-history":[{"count":49,"href":"https:\/\/floridaultimatedrivingschool.com\/es\/wp-json\/wp\/v2\/pages\/15\/revisions"}],"predecessor-version":[{"id":567,"href":"https:\/\/floridaultimatedrivingschool.com\/es\/wp-json\/wp\/v2\/pages\/15\/revisions\/567"}],"wp:attachment":[{"href":"https:\/\/floridaultimatedrivingschool.com\/es\/wp-json\/wp\/v2\/media?parent=15"}],"curies":[{"name":"wp","href":"https:\/\/api.w.org\/{rel}","templated":true}]}}